{"id":14,"date":"2021-06-11T06:53:17","date_gmt":"2021-06-11T06:53:17","guid":{"rendered":"https:\/\/www.api-oh.softwarethings.pro\/?page_id=14"},"modified":"2022-05-04T14:06:36","modified_gmt":"2022-05-04T14:06:36","slug":"repertuar","status":"publish","type":"page","link":"https:\/\/api.orkiestrahistoryczna.pl\/index.php\/repertuar\/","title":{"rendered":"Repertuar"},"content":{"rendered":"\n<p><em>Obok spektrum gotowych, prezentowanych powy\u017cej propozycji repertuarowych jeste\u015bmy otwarci na tworzenie nowych program\u00f3w \u2013 na specjalne zam\u00f3wienie b\u0105d\u017a w \u015bcis\u0142ej wsp\u00f3\u0142pracy<br>z organizatorem wydarzenia<\/em><\/p>\n","protected":false},"excerpt":{"rendered":"<p>Obok spektrum gotowych, prezentowanych powy\u017cej propozycji repertuarowych jeste\u015bmy otwarci na tworzenie nowych program\u00f3w \u2013 na specjalne zam\u00f3wienie b\u0105d\u017a w \u015bcis\u0142ej wsp\u00f3\u0142pracyz organizatorem wydarzenia<\/p>\n","protected":false},"author":1,"featured_media":0,"parent":0,"menu_order":10,"comment_status":"closed","ping_status":"closed","template":"","meta":{"inline_featured_image":false,"footnotes":""},"acf":{"repertuar":[{"header":"Opery","list":"<ul>\n<li>Leonardo Vinci (ca.1690-1730) \u201cGismondo, Re di Polonia\u201d<\/li>\n<li>Georg Friedrich Haendel (1685-1759) \u201cIl Pastor fido\u201d<\/li>\n<li>Johann Adolf Hasse (1699-1783) \u201cArminio\u201d<\/li>\n<li>Domenico Sarri (1679-1744) \u201cDidone abbandonata\u201d<\/li>\n<li>Georg Friedrich Haendel (1685-1759) program kantatowy<br \/>\n\u201cTrzy kobiety, trzy losy\u201d<\/li>\n<li>\u201eCajo Fabricio\u201d<\/li>\n<\/ul>\n","photo":{"ID":178,"id":178,"title":"OPERA","filename":"OPERA-scaled.jpeg","filesize":320099,"url":"https:\/\/api.orkiestrahistoryczna.pl\/wp-content\/uploads\/2021\/06\/OPERA-scaled.jpeg","link":"https:\/\/api.orkiestrahistoryczna.pl\/index.php\/repertuar\/opera\/","alt":"Opera","author":"1","description":"","caption":"","name":"opera","status":"inherit","uploaded_to":14,"date":"2021-06-17 13:42:09","modified":"2021-06-17 13:42:18","menu_order":0,"mime_type":"image\/jpeg","type":"image","subtype":"jpeg","icon":"https:\/\/api.orkiestrahistoryczna.pl\/wp-includes\/images\/media\/default.png","width":2560,"height":1709,"sizes":{"thumbnail":"https:\/\/api.orkiestrahistoryczna.pl\/wp-content\/uploads\/2021\/06\/OPERA-150x150.jpeg","thumbnail-width":150,"thumbnail-height":150,"medium":"https:\/\/api.orkiestrahistoryczna.pl\/wp-content\/uploads\/2021\/06\/OPERA-300x200.jpeg","medium-width":300,"medium-height":200,"medium_large":"https:\/\/api.orkiestrahistoryczna.pl\/wp-content\/uploads\/2021\/06\/OPERA-768x513.jpeg","medium_large-width":750,"medium_large-height":501,"large":"https:\/\/api.orkiestrahistoryczna.pl\/wp-content\/uploads\/2021\/06\/OPERA-1024x684.jpeg","large-width":750,"large-height":501,"1536x1536":"https:\/\/api.orkiestrahistoryczna.pl\/wp-content\/uploads\/2021\/06\/OPERA-1536x1025.jpeg","1536x1536-width":1536,"1536x1536-height":1025,"2048x2048":"https:\/\/api.orkiestrahistoryczna.pl\/wp-content\/uploads\/2021\/06\/OPERA-2048x1367.jpeg","2048x2048-width":2048,"2048x2048-height":1367,"post-thumbnail":"https:\/\/api.orkiestrahistoryczna.pl\/wp-content\/uploads\/2021\/06\/OPERA-1568x1047.jpeg","post-thumbnail-width":1568,"post-thumbnail-height":1047}}},{"header":"XVII wiek","list":"<ul>\n<li>C. Monteverdi &#8211; \u201cCombattimento di Tancredi e Clorinda\u201d<\/li>\n<li>Adam Jarz\u0119bski &#8211; \u201cCanzoni e concerti\u201d<\/li>\n<li>H.I.F. Biber &#8211; \u201cHarmonia artificioso-ariosa\u201d,<\/li>\n<li>G. Muffat &#8211; \u201cFlorilegium primum\u201d<\/li>\n<li>J.H. Schein &#8211; \u201cBanchetto musicale\u201d<\/li>\n<li>D. Buxtehude &#8211; \u201cMembra Jesu Nostri\u201d<\/li>\n<\/ul>\n","photo":{"ID":179,"id":179,"title":"XVII WIEK","filename":"XVII-WIEK-1-scaled.jpeg","filesize":589273,"url":"https:\/\/api.orkiestrahistoryczna.pl\/wp-content\/uploads\/2021\/06\/XVII-WIEK-1-scaled.jpeg","link":"https:\/\/api.orkiestrahistoryczna.pl\/index.php\/repertuar\/xvii-wiek-2\/","alt":"Orkiestra muzycy","author":"1","description":"","caption":"","name":"xvii-wiek-2","status":"inherit","uploaded_to":14,"date":"2021-06-17 13:42:50","modified":"2021-06-17 13:43:00","menu_order":0,"mime_type":"image\/jpeg","type":"image","subtype":"jpeg","icon":"https:\/\/api.orkiestrahistoryczna.pl\/wp-includes\/images\/media\/default.png","width":2560,"height":1709,"sizes":{"thumbnail":"https:\/\/api.orkiestrahistoryczna.pl\/wp-content\/uploads\/2021\/06\/XVII-WIEK-1-150x150.jpeg","thumbnail-width":150,"thumbnail-height":150,"medium":"https:\/\/api.orkiestrahistoryczna.pl\/wp-content\/uploads\/2021\/06\/XVII-WIEK-1-300x200.jpeg","medium-width":300,"medium-height":200,"medium_large":"https:\/\/api.orkiestrahistoryczna.pl\/wp-content\/uploads\/2021\/06\/XVII-WIEK-1-768x513.jpeg","medium_large-width":750,"medium_large-height":501,"large":"https:\/\/api.orkiestrahistoryczna.pl\/wp-content\/uploads\/2021\/06\/XVII-WIEK-1-1024x684.jpeg","large-width":750,"large-height":501,"1536x1536":"https:\/\/api.orkiestrahistoryczna.pl\/wp-content\/uploads\/2021\/06\/XVII-WIEK-1-1536x1025.jpeg","1536x1536-width":1536,"1536x1536-height":1025,"2048x2048":"https:\/\/api.orkiestrahistoryczna.pl\/wp-content\/uploads\/2021\/06\/XVII-WIEK-1-2048x1367.jpeg","2048x2048-width":2048,"2048x2048-height":1367,"post-thumbnail":"https:\/\/api.orkiestrahistoryczna.pl\/wp-content\/uploads\/2021\/06\/XVII-WIEK-1-1568x1047.jpeg","post-thumbnail-width":1568,"post-thumbnail-height":1047}}},{"header":"Barok","list":"<ul>\n<li>G.F. Haendel, J.F. Fasch &#8211; Concerti grossi \u201cA due cori\u201d<\/li>\n<li>G.Ph. Telemann &#8211; Tafelmusik<\/li>\n<li>A. Vivaldi &#8211; Koncerty<\/li>\n<li>J.S. Bach &#8211; Pasja wg. \u015aw. Jana BWV 254<\/li>\n<li>J.S.Bach &#8211; Koncerty BrandenburskieC.P.E. Bach &#8211; Koncerty i Sinfonie<\/li>\n<li>A. Vivaldi &#8211; Stabat Mater<\/li>\n<li>A. Corelli, F. Scarlatti, Ch. Avison, G.F. Haendel, F. Geminiani &#8211; concerti grossi<\/li>\n<li>A. Vivaldi, G.B. Pergolesi &#8211; Stabat Mater<\/li>\n<li>A. Vivaldi &#8211; Koncerty i sinfonie<\/li>\n<\/ul>\n","photo":{"ID":166,"id":166,"title":"BAROK","filename":"BAROK-scaled.jpeg","filesize":409572,"url":"https:\/\/api.orkiestrahistoryczna.pl\/wp-content\/uploads\/2021\/06\/BAROK-scaled.jpeg","link":"https:\/\/api.orkiestrahistoryczna.pl\/index.php\/o-nas\/barok\/","alt":"Orkiestra historyczna barok","author":"1","description":"","caption":"","name":"barok","status":"inherit","uploaded_to":12,"date":"2021-06-17 10:46:40","modified":"2021-06-17 10:46:52","menu_order":0,"mime_type":"image\/jpeg","type":"image","subtype":"jpeg","icon":"https:\/\/api.orkiestrahistoryczna.pl\/wp-includes\/images\/media\/default.png","width":2560,"height":1709,"sizes":{"thumbnail":"https:\/\/api.orkiestrahistoryczna.pl\/wp-content\/uploads\/2021\/06\/BAROK-150x150.jpeg","thumbnail-width":150,"thumbnail-height":150,"medium":"https:\/\/api.orkiestrahistoryczna.pl\/wp-content\/uploads\/2021\/06\/BAROK-300x200.jpeg","medium-width":300,"medium-height":200,"medium_large":"https:\/\/api.orkiestrahistoryczna.pl\/wp-content\/uploads\/2021\/06\/BAROK-768x513.jpeg","medium_large-width":750,"medium_large-height":501,"large":"https:\/\/api.orkiestrahistoryczna.pl\/wp-content\/uploads\/2021\/06\/BAROK-1024x684.jpeg","large-width":750,"large-height":501,"1536x1536":"https:\/\/api.orkiestrahistoryczna.pl\/wp-content\/uploads\/2021\/06\/BAROK-1536x1025.jpeg","1536x1536-width":1536,"1536x1536-height":1025,"2048x2048":"https:\/\/api.orkiestrahistoryczna.pl\/wp-content\/uploads\/2021\/06\/BAROK-2048x1367.jpeg","2048x2048-width":2048,"2048x2048-height":1367,"post-thumbnail":"https:\/\/api.orkiestrahistoryczna.pl\/wp-content\/uploads\/2021\/06\/BAROK-1568x1047.jpeg","post-thumbnail-width":1568,"post-thumbnail-height":1047}}},{"header":"Klasycyzm","list":"<ul>\n<li>J. Haydn \u2013 Symfonie<\/li>\n<li>J. Haydn \u2013 Koncerty<\/li>\n<li>W.A. Mozart \u2013 Divertimenti<\/li>\n<li>W.A. Mozart \u2013 Requiem KV 626<\/li>\n<li>W.A. Mozart &#8211; Davide penitente KV 469<\/li>\n<li>J. Go\u0142\u0105bek &#8211; Symfonie<\/li>\n<li>D. Cimarosa &#8211; \u201eIl maestro di cappella\u201d<\/li>\n<\/ul>\n","photo":{"ID":147,"id":147,"title":"XVII WIEK","filename":"XVII-WIEK-scaled.jpeg","filesize":589273,"url":"https:\/\/api.orkiestrahistoryczna.pl\/wp-content\/uploads\/2021\/06\/XVII-WIEK-scaled.jpeg","link":"https:\/\/api.orkiestrahistoryczna.pl\/index.php\/o-nas\/xvii-wiek\/","alt":"orkiestra historyczna muzyka muzycy koncert","author":"1","description":"","caption":"","name":"xvii-wiek","status":"inherit","uploaded_to":12,"date":"2021-06-16 14:53:41","modified":"2021-06-16 14:53:57","menu_order":0,"mime_type":"image\/jpeg","type":"image","subtype":"jpeg","icon":"https:\/\/api.orkiestrahistoryczna.pl\/wp-includes\/images\/media\/default.png","width":2560,"height":1709,"sizes":{"thumbnail":"https:\/\/api.orkiestrahistoryczna.pl\/wp-content\/uploads\/2021\/06\/XVII-WIEK-150x150.jpeg","thumbnail-width":150,"thumbnail-height":150,"medium":"https:\/\/api.orkiestrahistoryczna.pl\/wp-content\/uploads\/2021\/06\/XVII-WIEK-300x200.jpeg","medium-width":300,"medium-height":200,"medium_large":"https:\/\/api.orkiestrahistoryczna.pl\/wp-content\/uploads\/2021\/06\/XVII-WIEK-768x513.jpeg","medium_large-width":750,"medium_large-height":501,"large":"https:\/\/api.orkiestrahistoryczna.pl\/wp-content\/uploads\/2021\/06\/XVII-WIEK-1024x684.jpeg","large-width":750,"large-height":501,"1536x1536":"https:\/\/api.orkiestrahistoryczna.pl\/wp-content\/uploads\/2021\/06\/XVII-WIEK-1536x1025.jpeg","1536x1536-width":1536,"1536x1536-height":1025,"2048x2048":"https:\/\/api.orkiestrahistoryczna.pl\/wp-content\/uploads\/2021\/06\/XVII-WIEK-2048x1367.jpeg","2048x2048-width":2048,"2048x2048-height":1367,"post-thumbnail":"https:\/\/api.orkiestrahistoryczna.pl\/wp-content\/uploads\/2021\/06\/XVII-WIEK-1568x1047.jpeg","post-thumbnail-width":1568,"post-thumbnail-height":1047}}},{"header":"Romantyzm","list":"<ul>\n<li>F. Chopin \u2013 koncerty fortepianowe<\/li>\n<li>S. Moniuszko \u2013 Uwertura symfoniczna \u201cBajka\u201d, \u201cSonety Krymskie\u201d<\/li>\n<li>K. Lipi\u0144ski &#8211; Symfonie<\/li>\n<li>A.F. Duranowski \u2013 Koncert skrzypcowy A-dur op.8<\/li>\n<li>K. Kurpi\u0144ski &#8211; Koncert klarnetowy<\/li>\n<li>F. Nowowiejski \u2013 poemat \u201c\u015amier\u0107 Ellenai\u201d<\/li>\n<li>F. Mendelssohn-Bartholdy \u2013 Symfonie<\/li>\n<li>F. Schubert \u2013 Symfonie, muzyka kameralna<\/li>\n<li>J. Nowakowski \u2013 Kwintet fortepianowy<\/li>\n<\/ul>\n","photo":{"ID":162,"id":162,"title":"Cho\u0301r Polskiego Radia","filename":"Cho\u0301r-Polskiego-Radia.jpeg","filesize":157300,"url":"https:\/\/api.orkiestrahistoryczna.pl\/wp-content\/uploads\/2021\/06\/Cho\u0301r-Polskiego-Radia.jpeg","link":"https:\/\/api.orkiestrahistoryczna.pl\/index.php\/o-nas\/chor-polskiego-radia\/","alt":"Cho\u0301r Polskiego Radia","author":"1","description":"","caption":"","name":"chor-polskiego-radia","status":"inherit","uploaded_to":12,"date":"2021-06-17 10:15:57","modified":"2021-06-17 10:16:01","menu_order":0,"mime_type":"image\/jpeg","type":"image","subtype":"jpeg","icon":"https:\/\/api.orkiestrahistoryczna.pl\/wp-includes\/images\/media\/default.png","width":1200,"height":801,"sizes":{"thumbnail":"https:\/\/api.orkiestrahistoryczna.pl\/wp-content\/uploads\/2021\/06\/Cho\u0301r-Polskiego-Radia-150x150.jpeg","thumbnail-width":150,"thumbnail-height":150,"medium":"https:\/\/api.orkiestrahistoryczna.pl\/wp-content\/uploads\/2021\/06\/Cho\u0301r-Polskiego-Radia-300x200.jpeg","medium-width":300,"medium-height":200,"medium_large":"https:\/\/api.orkiestrahistoryczna.pl\/wp-content\/uploads\/2021\/06\/Cho\u0301r-Polskiego-Radia-768x513.jpeg","medium_large-width":750,"medium_large-height":501,"large":"https:\/\/api.orkiestrahistoryczna.pl\/wp-content\/uploads\/2021\/06\/Cho\u0301r-Polskiego-Radia-1024x684.jpeg","large-width":750,"large-height":501,"1536x1536":"https:\/\/api.orkiestrahistoryczna.pl\/wp-content\/uploads\/2021\/06\/Cho\u0301r-Polskiego-Radia.jpeg","1536x1536-width":1200,"1536x1536-height":801,"2048x2048":"https:\/\/api.orkiestrahistoryczna.pl\/wp-content\/uploads\/2021\/06\/Cho\u0301r-Polskiego-Radia.jpeg","2048x2048-width":1200,"2048x2048-height":801,"post-thumbnail":"https:\/\/api.orkiestrahistoryczna.pl\/wp-content\/uploads\/2021\/06\/Cho\u0301r-Polskiego-Radia.jpeg","post-thumbnail-width":1200,"post-thumbnail-height":801}}}],"photo":{"ID":118,"id":118,"title":"Hugo Miguel de Rodas - teorba, gitara barokowa","filename":"Hugo-Miguel-de-Rodas-teorba-gitara-barokowa.jpeg","filesize":354345,"url":"https:\/\/api.orkiestrahistoryczna.pl\/wp-content\/uploads\/2021\/06\/Hugo-Miguel-de-Rodas-teorba-gitara-barokowa.jpeg","link":"https:\/\/api.orkiestrahistoryczna.pl\/index.php\/o-nas\/hugo-miguel-de-rodas-teorba-gitara-barokowa\/","alt":"Hugo Miguel de Rodas orkiestra muzyka gitara barokowa","author":"1","description":"","caption":"","name":"hugo-miguel-de-rodas-teorba-gitara-barokowa","status":"inherit","uploaded_to":12,"date":"2021-06-16 13:27:27","modified":"2021-06-16 13:27:39","menu_order":0,"mime_type":"image\/jpeg","type":"image","subtype":"jpeg","icon":"https:\/\/api.orkiestrahistoryczna.pl\/wp-includes\/images\/media\/default.png","width":2048,"height":1367,"sizes":{"thumbnail":"https:\/\/api.orkiestrahistoryczna.pl\/wp-content\/uploads\/2021\/06\/Hugo-Miguel-de-Rodas-teorba-gitara-barokowa-150x150.jpeg","thumbnail-width":150,"thumbnail-height":150,"medium":"https:\/\/api.orkiestrahistoryczna.pl\/wp-content\/uploads\/2021\/06\/Hugo-Miguel-de-Rodas-teorba-gitara-barokowa-300x200.jpeg","medium-width":300,"medium-height":200,"medium_large":"https:\/\/api.orkiestrahistoryczna.pl\/wp-content\/uploads\/2021\/06\/Hugo-Miguel-de-Rodas-teorba-gitara-barokowa-768x513.jpeg","medium_large-width":750,"medium_large-height":501,"large":"https:\/\/api.orkiestrahistoryczna.pl\/wp-content\/uploads\/2021\/06\/Hugo-Miguel-de-Rodas-teorba-gitara-barokowa-1024x684.jpeg","large-width":750,"large-height":501,"1536x1536":"https:\/\/api.orkiestrahistoryczna.pl\/wp-content\/uploads\/2021\/06\/Hugo-Miguel-de-Rodas-teorba-gitara-barokowa-1536x1025.jpeg","1536x1536-width":1536,"1536x1536-height":1025,"2048x2048":"https:\/\/api.orkiestrahistoryczna.pl\/wp-content\/uploads\/2021\/06\/Hugo-Miguel-de-Rodas-teorba-gitara-barokowa.jpeg","2048x2048-width":2048,"2048x2048-height":1367,"post-thumbnail":"https:\/\/api.orkiestrahistoryczna.pl\/wp-content\/uploads\/2021\/06\/Hugo-Miguel-de-Rodas-teorba-gitara-barokowa-1568x1047.jpeg","post-thumbnail-width":1568,"post-thumbnail-height":1047}}},"translations":{"pl":{"slug":"repertuar"},"en":{"slug":"repertoire"}},"_links":{"self":[{"href":"https:\/\/api.orkiestrahistoryczna.pl\/index.php\/wp-json\/wp\/v2\/pages\/14"}],"collection":[{"href":"https:\/\/api.orkiestrahistoryczna.pl\/index.php\/wp-json\/wp\/v2\/pages"}],"about":[{"href":"https:\/\/api.orkiestrahistoryczna.pl\/index.php\/wp-json\/wp\/v2\/types\/page"}],"author":[{"embeddable":true,"href":"https:\/\/api.orkiestrahistoryczna.pl\/index.php\/wp-json\/wp\/v2\/users\/1"}],"replies":[{"embeddable":true,"href":"https:\/\/api.orkiestrahistoryczna.pl\/index.php\/wp-json\/wp\/v2\/comments?post=14"}],"version-history":[{"count":7,"href":"https:\/\/api.orkiestrahistoryczna.pl\/index.php\/wp-json\/wp\/v2\/pages\/14\/revisions"}],"predecessor-version":[{"id":361,"href":"https:\/\/api.orkiestrahistoryczna.pl\/index.php\/wp-json\/wp\/v2\/pages\/14\/revisions\/361"}],"wp:attachment":[{"href":"https:\/\/api.orkiestrahistoryczna.pl\/index.php\/wp-json\/wp\/v2\/media?parent=14"}],"curies":[{"name":"wp","href":"https:\/\/api.w.org\/{rel}","templated":true}]}}